{"id":22454,"date":"2023-01-16T14:12:42","date_gmt":"2023-01-16T13:12:42","guid":{"rendered":"https:\/\/bruehl-safety.com\/service-numerique\/donnees-cao\/"},"modified":"2025-09-11T14:22:49","modified_gmt":"2025-09-11T12:22:49","slug":"donnees-cao","status":"publish","type":"page","link":"https:\/\/bruehl-safety.com\/fr\/service-numerique\/donnees-cao\/","title":{"rendered":"Donn\u00e9es CAO"},"content":{"rendered":"\t\t<div data-elementor-type=\"wp-page\" data-elementor-id=\"22454\" class=\"elementor elementor-22454 elementor-3732\" data-elementor-post-type=\"page\">\n\t\t\t\t<div class=\"elementor-element elementor-element-41431ee e-flex e-con-boxed e-con e-parent\" data-id=\"41431ee\" data-element_type=\"container\" data-e-type=\"container\" data-settings=\"{&quot;background_background&quot;:&quot;classic&quot;}\">\n\t\t\t\t\t<div class=\"e-con-inner\">\n\t\t\t\t<div class=\"elementor-element elementor-element-10c1ec3 elementor-widget__width-inherit elementor-widget elementor-widget-heading\" data-id=\"10c1ec3\" data-element_type=\"widget\" data-e-type=\"widget\" data-widget_type=\"heading.default\">\n\t\t\t\t<div class=\"elementor-widget-container\">\n\t\t\t\t\t<h1 class=\"elementor-heading-title elementor-size-default\">Donn\u00e9es CAO<\/h1>\t\t\t\t<\/div>\n\t\t\t\t<\/div>\n\t\t\t\t<div class=\"elementor-element elementor-element-95b9838 elementor-widget__width-initial elementor-widget elementor-widget-text-editor\" data-id=\"95b9838\" data-element_type=\"widget\" data-e-type=\"widget\" data-widget_type=\"text-editor.default\">\n\t\t\t\t<div class=\"elementor-widget-container\">\n\t\t\t\t\t\t\t\t\t<p>En tant que partenaire fiable dans le domaine de la s\u00e9curit\u00e9 des machines et installations, nous disposons dans nos bureaux de plusieurs postes de travail CAO pour le traitement des commandes et des projets. Nos collaborateurs comp\u00e9tents et fiables sont ainsi en mesure d&rsquo;\u00e9laborer des maquettes de projets et de mettre en \u0153uvre de mani\u00e8re flexible les souhaits d&rsquo;adaptation et de modification. Nous pouvons ainsi vous garantir un traitement efficace des projets et une grande satisfaction des clients.  <\/p>\t\t\t\t\t\t\t\t<\/div>\n\t\t\t\t<\/div>\n\t\t\t\t\t<\/div>\n\t\t\t\t<\/div>\n\t\t<div class=\"elementor-element elementor-element-c847103 e-con-full e-flex e-con e-parent\" data-id=\"c847103\" data-element_type=\"container\" data-e-type=\"container\">\n\t\t\t\t<div class=\"elementor-element elementor-element-ac7ea05 elementor-widget elementor-widget-image\" data-id=\"ac7ea05\" data-element_type=\"widget\" data-e-type=\"widget\" data-widget_type=\"image.default\">\n\t\t\t\t<div class=\"elementor-widget-container\">\n\t\t\t\t\t\t\t\t\t\t\t\t\t\t\t<img fetchpriority=\"high\" decoding=\"async\" width=\"800\" height=\"400\" src=\"https:\/\/bruehl-safety.com\/wp-content\/uploads\/220921_laptop-1024x512.jpg\" class=\"attachment-large size-large wp-image-22456\" alt=\"\" srcset=\"https:\/\/bruehl-safety.com\/wp-content\/uploads\/220921_laptop-1024x512.jpg 1024w, https:\/\/bruehl-safety.com\/wp-content\/uploads\/220921_laptop-300x150.jpg 300w, https:\/\/bruehl-safety.com\/wp-content\/uploads\/220921_laptop-768x384.jpg 768w, https:\/\/bruehl-safety.com\/wp-content\/uploads\/220921_laptop-1536x768.jpg 1536w, https:\/\/bruehl-safety.com\/wp-content\/uploads\/220921_laptop-2048x1024.jpg 2048w\" sizes=\"(max-width: 800px) 100vw, 800px\" \/>\t\t\t\t\t\t\t\t\t\t\t\t\t\t\t<\/div>\n\t\t\t\t<\/div>\n\t\t\t\t<\/div>\n\t\t<div class=\"elementor-element elementor-element-66a3d4d e-flex e-con-boxed e-con e-parent\" data-id=\"66a3d4d\" data-element_type=\"container\" data-e-type=\"container\">\n\t\t\t\t\t<div class=\"e-con-inner\">\n\t\t\t\t<div class=\"elementor-element elementor-element-cf3935f elementor-widget elementor-widget-shortcode\" data-id=\"cf3935f\" data-element_type=\"widget\" data-e-type=\"widget\" data-widget_type=\"shortcode.default\">\n\t\t\t\t<div class=\"elementor-widget-container\">\n\t\t\t\t\t\t\t<div class=\"elementor-shortcode\"> <div class=\"brlbs-cmpnt-container brlbs-cmpnt-content-blocker brlbs-cmpnt-with-individual-styles\" data-borlabs-cookie-content-blocker-id=\"threedfindit\" data-borlabs-cookie-content=\"PGlmcmFtZSBzcmM9Imh0dHBzOi8vYnJ1ZWhsLWVtYmVkZGVkLnBhcnRjb21tdW5pdHkuY29tLzNkLWNhZC1tb2RlbHMvP2xhbmd1YWdlSXNvPWZyIiBzdHlsZT0iYm9yZGVyOjBweCAjZmZmZmZmIG5vbmU7IiBuYW1lPSJjYWQtZGF0ZW4iIGlkPSJjYWRpZnJhbWUiIGZyYW1lYm9yZGVyPSIwIiBtYXJnaW5oZWlnaHQ9IjBweCIgbWFyZ2lud2lkdGg9IjBweCIgaGVpZ2h0PSI3MDAiIHdpZHRoPSIxMDAlIiBhbGxvd2Z1bGxzY3JlZW4+PC9pZnJhbWU+\"><div class=\"brlbs-cmpnt-cb-preset-a\"> <p class=\"brlbs-cmpnt-cb-description\">Vous voyez actuellement un contenu temporaire de <strong>3Dfindit<\/strong>. Pour acc\u00e9der au contenu r\u00e9el, cliquez sur le bouton ci-dessous. Veuillez noter que cela implique le transfert de donn\u00e9es \u00e0 des fournisseurs tiers.<\/p> <div class=\"brlbs-cmpnt-cb-buttons\"> <a class=\"brlbs-cmpnt-cb-btn\" href=\"#\" data-borlabs-cookie-unblock role=\"button\">D\u00e9verrouiller le contenu<\/a> <a class=\"brlbs-cmpnt-cb-btn\" href=\"#\" data-borlabs-cookie-accept-service role=\"button\" style=\"display: <m id=\"3\">&quot;&gt;Accepter le service requis et d\u00e9bloquer le contenu<\/a> <\/div> <a class=\"brlbs-cmpnt-cb-provider-toggle\" href=\"#\" data-borlabs-cookie-show-provider-information role=\"button\">Informations compl\u00e9mentaires<\/a> <\/div><\/div><\/div>\n\t\t\t\t\t\t<\/div>\n\t\t\t\t<\/div>\n\t\t\t\t\t<\/div>\n\t\t\t\t<\/div>\n\t\t<div class=\"elementor-element elementor-element-dbea9e2 e-flex e-con-boxed e-con e-parent\" data-id=\"dbea9e2\" data-element_type=\"container\" data-e-type=\"container\" data-settings=\"{&quot;background_background&quot;:&quot;classic&quot;}\">\n\t\t\t\t\t<div class=\"e-con-inner\">\n\t\t<div class=\"elementor-element elementor-element-2e0c374 e-con-full e-flex e-con e-child\" data-id=\"2e0c374\" data-element_type=\"container\" data-e-type=\"container\" data-settings=\"{&quot;background_background&quot;:&quot;classic&quot;}\">\n\t\t<div class=\"elementor-element elementor-element-81ccd4e e-con-full e-flex e-con e-child\" data-id=\"81ccd4e\" data-element_type=\"container\" data-e-type=\"container\">\n\t\t<div class=\"elementor-element elementor-element-90f9287 e-con-full e-flex e-con e-child\" data-id=\"90f9287\" data-element_type=\"container\" data-e-type=\"container\">\n\t\t\t\t<div class=\"elementor-element elementor-element-282a007 elementor-widget__width-auto elementor-widget-divider--view-line elementor-widget elementor-widget-divider\" data-id=\"282a007\" data-element_type=\"widget\" data-e-type=\"widget\" data-widget_type=\"divider.default\">\n\t\t\t\t<div class=\"elementor-widget-container\">\n\t\t\t\t\t\t\t<div class=\"elementor-divider\">\n\t\t\t<span class=\"elementor-divider-separator\">\n\t\t\t\t\t\t<\/span>\n\t\t<\/div>\n\t\t\t\t\t\t<\/div>\n\t\t\t\t<\/div>\n\t\t\t\t<div class=\"elementor-element elementor-element-52a287d elementor-widget__width-auto elementor-widget elementor-widget-heading\" data-id=\"52a287d\" data-element_type=\"widget\" data-e-type=\"widget\" data-widget_type=\"heading.default\">\n\t\t\t\t<div class=\"elementor-widget-container\">\n\t\t\t\t\t<div class=\"elementor-heading-title elementor-size-default\">Contact<\/div>\t\t\t\t<\/div>\n\t\t\t\t<\/div>\n\t\t\t\t<\/div>\n\t\t\t\t<div class=\"elementor-element elementor-element-4909506 elementor-widget elementor-widget-heading\" data-id=\"4909506\" data-element_type=\"widget\" data-e-type=\"widget\" data-widget_type=\"heading.default\">\n\t\t\t\t<div class=\"elementor-widget-container\">\n\t\t\t\t\t<h1 class=\"elementor-heading-title elementor-size-default\">Contactez-nous<\/h1>\t\t\t\t<\/div>\n\t\t\t\t<\/div>\n\t\t\t\t<div class=\"elementor-element elementor-element-3b0d344 elementor-icon-list--layout-traditional elementor-list-item-link-full_width elementor-widget elementor-widget-icon-list\" data-id=\"3b0d344\" data-element_type=\"widget\" data-e-type=\"widget\" data-widget_type=\"icon-list.default\">\n\t\t\t\t<div class=\"elementor-widget-container\">\n\t\t\t\t\t\t\t<ul class=\"elementor-icon-list-items\">\n\t\t\t\t\t\t\t<li class=\"elementor-icon-list-item\">\n\t\t\t\t\t\t\t\t\t\t<span class=\"elementor-icon-list-text\"><\/span>\n\t\t\t\t\t\t\t\t\t<\/li>\n\t\t\t\t\t\t\t\t<li class=\"elementor-icon-list-item\">\n\t\t\t\t\t\t\t\t\t\t<span class=\"elementor-icon-list-text\"><\/span>\n\t\t\t\t\t\t\t\t\t<\/li>\n\t\t\t\t\t\t\t\t<li class=\"elementor-icon-list-item\">\n\t\t\t\t\t\t\t\t\t\t<span class=\"elementor-icon-list-text\"><\/span>\n\t\t\t\t\t\t\t\t\t<\/li>\n\t\t\t\t\t\t\t\t<li class=\"elementor-icon-list-item\">\n\t\t\t\t\t\t\t\t\t\t<span class=\"elementor-icon-list-text\"><\/span>\n\t\t\t\t\t\t\t\t\t<\/li>\n\t\t\t\t\t\t<\/ul>\n\t\t\t\t\t\t<\/div>\n\t\t\t\t<\/div>\n\t\t\t\t<\/div>\n\t\t<div class=\"elementor-element elementor-element-a52f35a e-con-full e-flex e-con e-child\" data-id=\"a52f35a\" data-element_type=\"container\" data-e-type=\"container\">\n\t\t\t\t<div class=\"elementor-element elementor-element-19725b0 elementor-button-align-stretch elementor-widget elementor-widget-global elementor-global-23238 elementor-global-13528 elementor-widget-form\" data-id=\"19725b0\" data-element_type=\"widget\" data-e-type=\"widget\" data-settings=\"{&quot;step_next_label&quot;:&quot;Prochain&quot;,&quot;step_previous_label&quot;:&quot;Pr\\u00e9c\\u00e9dent&quot;,&quot;button_width&quot;:&quot;100&quot;,&quot;step_type&quot;:&quot;number_text&quot;,&quot;step_icon_shape&quot;:&quot;circle&quot;}\" data-widget_type=\"form.default\">\n\t\t\t\t<div class=\"elementor-widget-container\">\n\t\t\t\t\t\t\t<form class=\"elementor-form\" method=\"post\" name=\"Formulaire de contact\" aria-label=\"Formulaire de contact\">\n\t\t\t<input type=\"hidden\" name=\"post_id\" value=\"22454\"\/>\n\t\t\t<input type=\"hidden\" name=\"form_id\" value=\"19725b0\"\/>\n\t\t\t<input type=\"hidden\" name=\"referer_title\" value=\"Br\u00fchl Safety\" \/>\n\n\t\t\t\n\t\t\t<div class=\"elementor-form-fields-wrapper elementor-labels-\">\n\t\t\t\t\t\t\t\t<div class=\"elementor-field-type-hidden elementor-field-group elementor-column elementor-field-group-gclid elementor-col-100\">\n\t\t\t\t\t\t\t\t\t\t\t\t\t<input size=\"1\" type=\"hidden\" name=\"form_fields[gclid]\" id=\"form-field-gclid\" class=\"elementor-field elementor-size-sm  elementor-field-textual\">\n\t\t\t\t\t\t\t\t\t\t\t<\/div>\n\t\t\t\t\t\t\t\t<div class=\"elementor-field-type-hidden elementor-field-group elementor-column elementor-field-group-field_2eef55e elementor-col-100\">\n\t\t\t\t\t\t\t\t\t\t\t\t\t<input size=\"1\" type=\"hidden\" name=\"form_fields[field_2eef55e]\" id=\"form-field-field_2eef55e\" class=\"elementor-field elementor-size-sm  elementor-field-textual\" value=\"https:\/\/bruehl-safety.com\/fr\/wp-json\/wp\/v2\/pages\/22454\">\n\t\t\t\t\t\t\t\t\t\t\t<\/div>\n\t\t\t\t\t\t\t\t<div class=\"elementor-field-type-text elementor-field-group elementor-column elementor-field-group-name elementor-col-100 elementor-field-required\">\n\t\t\t\t\t\t\t\t\t\t\t\t<label for=\"form-field-name\" class=\"elementor-field-label elementor-screen-only\">\n\t\t\t\t\t\t\t\tNom\t\t\t\t\t\t\t<\/label>\n\t\t\t\t\t\t\t\t\t\t\t\t\t\t<input size=\"1\" type=\"text\" name=\"form_fields[name]\" id=\"form-field-name\" class=\"elementor-field elementor-size-sm  elementor-field-textual\" placeholder=\"Nom*\" required=\"required\">\n\t\t\t\t\t\t\t\t\t\t\t<\/div>\n\t\t\t\t\t\t\t\t<div class=\"elementor-field-type-text\">\n\t\t\t\t\t<input size=\"1\" type=\"text\" name=\"form_fields[email]\" id=\"form-field-email\" class=\"elementor-field elementor-size-sm \" style=\"display:none !important;\">\t\t\t\t<\/div>\n\t\t\t\t\t\t\t\t<div class=\"elementor-field-type-email elementor-field-group elementor-column elementor-field-group-email elementor-col-100 elementor-field-required\">\n\t\t\t\t\t\t\t\t\t\t\t\t<label for=\"form-field-email\" class=\"elementor-field-label elementor-screen-only\">\n\t\t\t\t\t\t\t\tE-mail*\t\t\t\t\t\t\t<\/label>\n\t\t\t\t\t\t\t\t\t\t\t\t\t\t<input size=\"1\" type=\"email\" name=\"form_fields[email]\" id=\"form-field-email\" class=\"elementor-field elementor-size-sm  elementor-field-textual\" placeholder=\"E-mail*\" required=\"required\">\n\t\t\t\t\t\t\t\t\t\t\t<\/div>\n\t\t\t\t\t\t\t\t<div class=\"elementor-field-type-tel elementor-field-group elementor-column elementor-field-group-phone elementor-col-100\">\n\t\t\t\t\t\t\t\t\t\t\t\t<label for=\"form-field-phone\" class=\"elementor-field-label elementor-screen-only\">\n\t\t\t\t\t\t\t\tT\u00e9l\u00e9phone\t\t\t\t\t\t\t<\/label>\n\t\t\t\t\t\t\t\t<input size=\"1\" type=\"tel\" name=\"form_fields[phone]\" id=\"form-field-phone\" class=\"elementor-field elementor-size-sm  elementor-field-textual\" placeholder=\"T\u00e9l\u00e9phone\" pattern=\"[0-9()#&amp;+*-=.]+\" title=\"Seuls les caract\u00e8res de num\u00e9ros de t\u00e9l\u00e9phone (#, -, *, etc.) sont accept\u00e9s.\">\n\n\t\t\t\t\t\t<\/div>\n\t\t\t\t\t\t\t\t<div class=\"elementor-field-type-textarea elementor-field-group elementor-column elementor-field-group-message elementor-col-100\">\n\t\t\t\t\t\t\t\t\t\t\t\t<label for=\"form-field-message\" class=\"elementor-field-label elementor-screen-only\">\n\t\t\t\t\t\t\t\tMessage\t\t\t\t\t\t\t<\/label>\n\t\t\t\t\t\t<textarea class=\"elementor-field-textual elementor-field  elementor-size-sm\" name=\"form_fields[message]\" id=\"form-field-message\" rows=\"4\" placeholder=\"Votre message\"><\/textarea>\t\t\t\t<\/div>\n\t\t\t\t\t\t\t\t<div class=\"elementor-field-type-acceptance elementor-field-group elementor-column elementor-field-group-field_aeff08a elementor-col-100 elementor-field-required\">\n\t\t\t\t\t\t\t\t\t\t\t\t<label for=\"form-field-field_aeff08a\" class=\"elementor-field-label elementor-screen-only\">\n\t\t\t\t\t\t\t\tProtection des donn\u00e9es\t\t\t\t\t\t\t<\/label>\n\t\t\t\t\t\t\t\t<div class=\"elementor-field-subgroup\">\n\t\t\t<span class=\"elementor-field-option\">\n\t\t\t\t<input type=\"checkbox\" name=\"form_fields[field_aeff08a]\" id=\"form-field-field_aeff08a\" class=\"elementor-field elementor-size-sm  elementor-acceptance-field\" required=\"required\">\n\t\t\t\t<label for=\"form-field-field_aeff08a\">J'accepte le traitement de mes donn\u00e9es conform\u00e9ment \u00e0 la <a href=\"https:\/\/bruehl-safety.com\/fr\/protection-des-donnees\/\" target=\"_blank\">d\u00e9claration de confidentialit\u00e9<\/a>.<\/label>\t\t\t<\/span>\n\t\t<\/div>\n\t\t\t\t\t\t<\/div>\n\t\t\t\t\t\t\t\t<div class=\"elementor-field-type-recaptcha_v3 elementor-field-group elementor-column elementor-field-group-captcha elementor-col-100 recaptcha_v3-bottomright\">\n\t\t\t\t\t<div class=\"elementor-field\" id=\"form-field-captcha\"><div class=\"elementor-g-recaptcha\" data-sitekey=\"6LdQvWIrAAAAANpbnFWOAvsjVB54rLY2bcXTbU3o\" data-type=\"v3\" data-action=\"Form\" data-badge=\"bottomright\" data-size=\"invisible\"><\/div><\/div>\t\t\t\t<\/div>\n\t\t\t\t\t\t\t\t<div class=\"elementor-field-group elementor-column elementor-field-type-submit elementor-col-100 e-form__buttons\">\n\t\t\t\t\t<button class=\"elementor-button elementor-size-sm\" type=\"submit\">\n\t\t\t\t\t\t<span class=\"elementor-button-content-wrapper\">\n\t\t\t\t\t\t\t\t\t\t\t\t\t\t\t\t\t\t\t\t\t\t<span class=\"elementor-button-text\">Envoyer un message<\/span>\n\t\t\t\t\t\t\t\t\t\t\t\t\t<\/span>\n\t\t\t\t\t<\/button>\n\t\t\t\t<\/div>\n\t\t\t<\/div>\n\t\t<\/form>\n\t\t\t\t\t\t<\/div>\n\t\t\t\t<\/div>\n\t\t\t\t<\/div>\n\t\t\t\t<\/div>\n\t\t\t\t\t<\/div>\n\t\t\t\t<\/div>\n\t\t\t\t<\/div>\n\t\t","protected":false},"excerpt":{"rendered":"<p>Donn\u00e9es CAO En tant que partenaire fiable dans le domaine de la s\u00e9curit\u00e9 des machines et installations, nous disposons dans nos bureaux de plusieurs postes de travail CAO pour le traitement des commandes et des projets. Nos collaborateurs comp\u00e9tents et fiables sont ainsi en mesure d&rsquo;\u00e9laborer des maquettes de projets et de mettre en \u0153uvre [&hellip;]<\/p>\n","protected":false},"author":444,"featured_media":22455,"parent":22439,"menu_order":12,"comment_status":"closed","ping_status":"closed","template":"","meta":{"_acf_changed":false,"footnotes":""},"class_list":["post-22454","page","type-page","status-publish","has-post-thumbnail","hentry"],"acf":[],"yoast_head":"<!-- This site is optimized with the Yoast SEO plugin v27.5 - https:\/\/yoast.com\/product\/yoast-seo-wordpress\/ -->\n<title>Donn\u00e9es CAO | Br\u00fchl Safety<\/title>\n<meta name=\"description\" content=\"Donn\u00e9es CAO pour le traitement des commandes et des projets de Br\u00fchl Safety GmbH. Nos collaborateurs du service technique vous m\u00e8nent \u00e0 bon port\" \/>\n<meta name=\"robots\" content=\"index, follow, max-snippet:-1, max-image-preview:large, max-video-preview:-1\" \/>\n<link rel=\"canonical\" href=\"https:\/\/bruehl-safety.com\/fr\/service-numerique\/donnees-cao\/\" \/>\n<meta property=\"og:locale\" content=\"fr_FR\" \/>\n<meta property=\"og:type\" content=\"article\" \/>\n<meta property=\"og:title\" content=\"Donn\u00e9es CAO | Br\u00fchl Safety\" \/>\n<meta property=\"og:description\" content=\"Donn\u00e9es CAO pour le traitement des commandes et des projets de Br\u00fchl Safety GmbH. Nos collaborateurs du service technique vous m\u00e8nent \u00e0 bon port\" \/>\n<meta property=\"og:url\" content=\"https:\/\/bruehl-safety.com\/fr\/service-numerique\/donnees-cao\/\" \/>\n<meta property=\"og:site_name\" content=\"Br\u00fchl Safety\" \/>\n<meta property=\"article:publisher\" content=\"https:\/\/www.facebook.com\/BruehlSafety\/\" \/>\n<meta property=\"article:modified_time\" content=\"2025-09-11T12:22:49+00:00\" \/>\n<meta property=\"og:image\" content=\"https:\/\/bruehl-safety.com\/wp-content\/uploads\/Unbenannt.png\" \/>\n\t<meta property=\"og:image:width\" content=\"676\" \/>\n\t<meta property=\"og:image:height\" content=\"446\" \/>\n\t<meta property=\"og:image:type\" content=\"image\/png\" \/>\n<meta name=\"twitter:card\" content=\"summary_large_image\" \/>\n<script type=\"application\/ld+json\" class=\"yoast-schema-graph\">{\"@context\":\"https:\\\/\\\/schema.org\",\"@graph\":[{\"@type\":\"WebPage\",\"@id\":\"https:\\\/\\\/bruehl-safety.com\\\/fr\\\/service-numerique\\\/donnees-cao\\\/\",\"url\":\"https:\\\/\\\/bruehl-safety.com\\\/fr\\\/service-numerique\\\/donnees-cao\\\/\",\"name\":\"Donn\u00e9es CAO | Br\u00fchl Safety\",\"isPartOf\":{\"@id\":\"https:\\\/\\\/bruehl-safety.com\\\/fr\\\/#website\"},\"primaryImageOfPage\":{\"@id\":\"https:\\\/\\\/bruehl-safety.com\\\/fr\\\/service-numerique\\\/donnees-cao\\\/#primaryimage\"},\"image\":{\"@id\":\"https:\\\/\\\/bruehl-safety.com\\\/fr\\\/service-numerique\\\/donnees-cao\\\/#primaryimage\"},\"thumbnailUrl\":\"https:\\\/\\\/bruehl-safety.com\\\/wp-content\\\/uploads\\\/Unbenannt.png\",\"datePublished\":\"2023-01-16T13:12:42+00:00\",\"dateModified\":\"2025-09-11T12:22:49+00:00\",\"description\":\"Donn\u00e9es CAO pour le traitement des commandes et des projets de Br\u00fchl Safety GmbH. Nos collaborateurs du service technique vous m\u00e8nent \u00e0 bon port\",\"breadcrumb\":{\"@id\":\"https:\\\/\\\/bruehl-safety.com\\\/fr\\\/service-numerique\\\/donnees-cao\\\/#breadcrumb\"},\"inLanguage\":\"fr-FR\",\"potentialAction\":[{\"@type\":\"ReadAction\",\"target\":[\"https:\\\/\\\/bruehl-safety.com\\\/fr\\\/service-numerique\\\/donnees-cao\\\/\"]}]},{\"@type\":\"ImageObject\",\"inLanguage\":\"fr-FR\",\"@id\":\"https:\\\/\\\/bruehl-safety.com\\\/fr\\\/service-numerique\\\/donnees-cao\\\/#primaryimage\",\"url\":\"https:\\\/\\\/bruehl-safety.com\\\/wp-content\\\/uploads\\\/Unbenannt.png\",\"contentUrl\":\"https:\\\/\\\/bruehl-safety.com\\\/wp-content\\\/uploads\\\/Unbenannt.png\",\"width\":676,\"height\":446,\"caption\":\"CAD-Planung\"},{\"@type\":\"BreadcrumbList\",\"@id\":\"https:\\\/\\\/bruehl-safety.com\\\/fr\\\/service-numerique\\\/donnees-cao\\\/#breadcrumb\",\"itemListElement\":[{\"@type\":\"ListItem\",\"position\":1,\"name\":\"Startseite\",\"item\":\"https:\\\/\\\/bruehl-safety.com\\\/fr\\\/lancement\\\/\"},{\"@type\":\"ListItem\",\"position\":2,\"name\":\"Service num\u00e9rique\",\"item\":\"https:\\\/\\\/bruehl-safety.com\\\/fr\\\/service-numerique\\\/\"},{\"@type\":\"ListItem\",\"position\":3,\"name\":\"Donn\u00e9es CAO\"}]},{\"@type\":\"WebSite\",\"@id\":\"https:\\\/\\\/bruehl-safety.com\\\/fr\\\/#website\",\"url\":\"https:\\\/\\\/bruehl-safety.com\\\/fr\\\/\",\"name\":\"Br\u00fchl Safety\",\"description\":\"\",\"publisher\":{\"@id\":\"https:\\\/\\\/bruehl-safety.com\\\/fr\\\/#organization\"},\"potentialAction\":[{\"@type\":\"SearchAction\",\"target\":{\"@type\":\"EntryPoint\",\"urlTemplate\":\"https:\\\/\\\/bruehl-safety.com\\\/fr\\\/?s={search_term_string}\"},\"query-input\":{\"@type\":\"PropertyValueSpecification\",\"valueRequired\":true,\"valueName\":\"search_term_string\"}}],\"inLanguage\":\"fr-FR\"},{\"@type\":\"Organization\",\"@id\":\"https:\\\/\\\/bruehl-safety.com\\\/fr\\\/#organization\",\"name\":\"Br\u00fchl Safety\",\"url\":\"https:\\\/\\\/bruehl-safety.com\\\/fr\\\/\",\"logo\":{\"@type\":\"ImageObject\",\"inLanguage\":\"fr-FR\",\"@id\":\"https:\\\/\\\/bruehl-safety.com\\\/fr\\\/#\\\/schema\\\/logo\\\/image\\\/\",\"url\":\"https:\\\/\\\/bruehl-safety.com\\\/wp-content\\\/uploads\\\/downloadarea\\\/3524\\\/bruehl-logo.png\",\"contentUrl\":\"https:\\\/\\\/bruehl-safety.com\\\/wp-content\\\/uploads\\\/downloadarea\\\/3524\\\/bruehl-logo.png\",\"width\":564,\"height\":285,\"caption\":\"Br\u00fchl Safety\"},\"image\":{\"@id\":\"https:\\\/\\\/bruehl-safety.com\\\/fr\\\/#\\\/schema\\\/logo\\\/image\\\/\"},\"sameAs\":[\"https:\\\/\\\/www.facebook.com\\\/BruehlSafety\\\/\",\"https:\\\/\\\/instagram.com\\\/bruehl_safety_group\",\"https:\\\/\\\/www.linkedin.com\\\/company\\\/brhl-safety\\\/?originalSubdomain=de\",\"https:\\\/\\\/www.youtube.com\\\/channel\\\/UCcafAzsfrQoE0napv3FjsCQ?app=desktop\"]}]}<\/script>\n<!-- \/ Yoast SEO plugin. -->","yoast_head_json":{"title":"Donn\u00e9es CAO | Br\u00fchl Safety","description":"Donn\u00e9es CAO pour le traitement des commandes et des projets de Br\u00fchl Safety GmbH. Nos collaborateurs du service technique vous m\u00e8nent \u00e0 bon port","robots":{"index":"index","follow":"follow","max-snippet":"max-snippet:-1","max-image-preview":"max-image-preview:large","max-video-preview":"max-video-preview:-1"},"canonical":"https:\/\/bruehl-safety.com\/fr\/service-numerique\/donnees-cao\/","og_locale":"fr_FR","og_type":"article","og_title":"Donn\u00e9es CAO | Br\u00fchl Safety","og_description":"Donn\u00e9es CAO pour le traitement des commandes et des projets de Br\u00fchl Safety GmbH. Nos collaborateurs du service technique vous m\u00e8nent \u00e0 bon port","og_url":"https:\/\/bruehl-safety.com\/fr\/service-numerique\/donnees-cao\/","og_site_name":"Br\u00fchl Safety","article_publisher":"https:\/\/www.facebook.com\/BruehlSafety\/","article_modified_time":"2025-09-11T12:22:49+00:00","og_image":[{"width":676,"height":446,"url":"https:\/\/bruehl-safety.com\/wp-content\/uploads\/Unbenannt.png","type":"image\/png"}],"twitter_card":"summary_large_image","schema":{"@context":"https:\/\/schema.org","@graph":[{"@type":"WebPage","@id":"https:\/\/bruehl-safety.com\/fr\/service-numerique\/donnees-cao\/","url":"https:\/\/bruehl-safety.com\/fr\/service-numerique\/donnees-cao\/","name":"Donn\u00e9es CAO | Br\u00fchl Safety","isPartOf":{"@id":"https:\/\/bruehl-safety.com\/fr\/#website"},"primaryImageOfPage":{"@id":"https:\/\/bruehl-safety.com\/fr\/service-numerique\/donnees-cao\/#primaryimage"},"image":{"@id":"https:\/\/bruehl-safety.com\/fr\/service-numerique\/donnees-cao\/#primaryimage"},"thumbnailUrl":"https:\/\/bruehl-safety.com\/wp-content\/uploads\/Unbenannt.png","datePublished":"2023-01-16T13:12:42+00:00","dateModified":"2025-09-11T12:22:49+00:00","description":"Donn\u00e9es CAO pour le traitement des commandes et des projets de Br\u00fchl Safety GmbH. Nos collaborateurs du service technique vous m\u00e8nent \u00e0 bon port","breadcrumb":{"@id":"https:\/\/bruehl-safety.com\/fr\/service-numerique\/donnees-cao\/#breadcrumb"},"inLanguage":"fr-FR","potentialAction":[{"@type":"ReadAction","target":["https:\/\/bruehl-safety.com\/fr\/service-numerique\/donnees-cao\/"]}]},{"@type":"ImageObject","inLanguage":"fr-FR","@id":"https:\/\/bruehl-safety.com\/fr\/service-numerique\/donnees-cao\/#primaryimage","url":"https:\/\/bruehl-safety.com\/wp-content\/uploads\/Unbenannt.png","contentUrl":"https:\/\/bruehl-safety.com\/wp-content\/uploads\/Unbenannt.png","width":676,"height":446,"caption":"CAD-Planung"},{"@type":"BreadcrumbList","@id":"https:\/\/bruehl-safety.com\/fr\/service-numerique\/donnees-cao\/#breadcrumb","itemListElement":[{"@type":"ListItem","position":1,"name":"Startseite","item":"https:\/\/bruehl-safety.com\/fr\/lancement\/"},{"@type":"ListItem","position":2,"name":"Service num\u00e9rique","item":"https:\/\/bruehl-safety.com\/fr\/service-numerique\/"},{"@type":"ListItem","position":3,"name":"Donn\u00e9es CAO"}]},{"@type":"WebSite","@id":"https:\/\/bruehl-safety.com\/fr\/#website","url":"https:\/\/bruehl-safety.com\/fr\/","name":"Br\u00fchl Safety","description":"","publisher":{"@id":"https:\/\/bruehl-safety.com\/fr\/#organization"},"potentialAction":[{"@type":"SearchAction","target":{"@type":"EntryPoint","urlTemplate":"https:\/\/bruehl-safety.com\/fr\/?s={search_term_string}"},"query-input":{"@type":"PropertyValueSpecification","valueRequired":true,"valueName":"search_term_string"}}],"inLanguage":"fr-FR"},{"@type":"Organization","@id":"https:\/\/bruehl-safety.com\/fr\/#organization","name":"Br\u00fchl Safety","url":"https:\/\/bruehl-safety.com\/fr\/","logo":{"@type":"ImageObject","inLanguage":"fr-FR","@id":"https:\/\/bruehl-safety.com\/fr\/#\/schema\/logo\/image\/","url":"https:\/\/bruehl-safety.com\/wp-content\/uploads\/downloadarea\/3524\/bruehl-logo.png","contentUrl":"https:\/\/bruehl-safety.com\/wp-content\/uploads\/downloadarea\/3524\/bruehl-logo.png","width":564,"height":285,"caption":"Br\u00fchl Safety"},"image":{"@id":"https:\/\/bruehl-safety.com\/fr\/#\/schema\/logo\/image\/"},"sameAs":["https:\/\/www.facebook.com\/BruehlSafety\/","https:\/\/instagram.com\/bruehl_safety_group","https:\/\/www.linkedin.com\/company\/brhl-safety\/?originalSubdomain=de","https:\/\/www.youtube.com\/channel\/UCcafAzsfrQoE0napv3FjsCQ?app=desktop"]}]}},"_links":{"self":[{"href":"https:\/\/bruehl-safety.com\/fr\/wp-json\/wp\/v2\/pages\/22454","targetHints":{"allow":["GET"]}}],"collection":[{"href":"https:\/\/bruehl-safety.com\/fr\/wp-json\/wp\/v2\/pages"}],"about":[{"href":"https:\/\/bruehl-safety.com\/fr\/wp-json\/wp\/v2\/types\/page"}],"author":[{"embeddable":true,"href":"https:\/\/bruehl-safety.com\/fr\/wp-json\/wp\/v2\/users\/444"}],"replies":[{"embeddable":true,"href":"https:\/\/bruehl-safety.com\/fr\/wp-json\/wp\/v2\/comments?post=22454"}],"version-history":[{"count":0,"href":"https:\/\/bruehl-safety.com\/fr\/wp-json\/wp\/v2\/pages\/22454\/revisions"}],"up":[{"embeddable":true,"href":"https:\/\/bruehl-safety.com\/fr\/wp-json\/wp\/v2\/pages\/22439"}],"wp:featuredmedia":[{"embeddable":true,"href":"https:\/\/bruehl-safety.com\/fr\/wp-json\/wp\/v2\/media\/22455"}],"wp:attachment":[{"href":"https:\/\/bruehl-safety.com\/fr\/wp-json\/wp\/v2\/media?parent=22454"}],"curies":[{"name":"wp","href":"https:\/\/api.w.org\/{rel}","templated":true}]}}