{"id":24599,"date":"2022-11-29T15:49:05","date_gmt":"2022-11-29T14:49:05","guid":{"rendered":"https:\/\/bruehl-safety.com\/secteurs-dactivite\/construction-de-machines-speciales\/"},"modified":"2025-09-11T14:40:34","modified_gmt":"2025-09-11T12:40:34","slug":"construction-de-machines-speciales","status":"publish","type":"page","link":"https:\/\/bruehl-safety.com\/fr\/actualites\/secteurs-dactivite\/construction-de-machines-speciales\/","title":{"rendered":"Ing\u00e9nierie sp\u00e9ciale"},"content":{"rendered":"\t\t<div data-elementor-type=\"wp-page\" data-elementor-id=\"24599\" class=\"elementor elementor-24599 elementor-2498\" data-elementor-post-type=\"page\">\n\t\t\t\t<div class=\"elementor-element elementor-element-eaaa754 e-flex e-con-boxed e-con e-parent\" data-id=\"eaaa754\" data-element_type=\"container\" data-e-type=\"container\">\n\t\t\t\t\t<div class=\"e-con-inner\">\n\t\t\t\t<div class=\"elementor-element elementor-element-a1b9da6 elementor-widget elementor-widget-text-editor\" data-id=\"a1b9da6\" data-element_type=\"widget\" data-e-type=\"widget\" data-widget_type=\"text-editor.default\">\n\t\t\t\t<div class=\"elementor-widget-container\">\n\t\t\t\t\t\t\t\t\t<p>L&rsquo;Ing\u00e9nierie sp\u00e9ciale est confront\u00e9e chaque jour au d\u00e9fi de traduire les besoins et les exigences souvent complexes de ses clients en une machine de haute qualit\u00e9 et qui fonctionne. Nous souhaitons vous aider dans cette t\u00e2che en vous proposant une installation de protection personnalis\u00e9e - \u00e9galement sous forme de construction sp\u00e9ciale - pour votre machine individuelle. <\/p>\t\t\t\t\t\t\t\t<\/div>\n\t\t\t\t<\/div>\n\t\t\t\t\t<\/div>\n\t\t\t\t<\/div>\n\t\t\t\t<\/div>\n\t\t","protected":false},"excerpt":{"rendered":"<p>L&rsquo;Ing\u00e9nierie sp\u00e9ciale est confront\u00e9e chaque jour au d\u00e9fi de traduire les besoins et les exigences souvent complexes de ses clients en une machine de haute qualit\u00e9 et qui fonctionne. Nous souhaitons vous aider dans cette t\u00e2che en vous proposant une installation de protection personnalis\u00e9e - \u00e9galement sous forme de construction sp\u00e9ciale - pour votre machine [&hellip;]<\/p>\n","protected":false},"author":444,"featured_media":25227,"parent":22485,"menu_order":35,"comment_status":"closed","ping_status":"closed","template":"","meta":{"_acf_changed":false,"footnotes":""},"class_list":["post-24599","page","type-page","status-publish","has-post-thumbnail","hentry"],"acf":[],"yoast_head":"<!-- This site is optimized with the Yoast SEO plugin v27.5 - https:\/\/yoast.com\/product\/yoast-seo-wordpress\/ -->\n<title>Cl\u00f4tures &amp; Portes de protection pour Ing\u00e9nierie sp\u00e9ciale | Br\u00fchl Safety<\/title>\n<meta name=\"description\" content=\"Syst\u00e8mes de panneaux de protection et Portes de protection machine pour Ing\u00e9nierie sp\u00e9ciale. Des solutions sur mesure du plus grand fabricant europ\u00e9en.\" \/>\n<meta name=\"robots\" content=\"index, follow, max-snippet:-1, max-image-preview:large, max-video-preview:-1\" \/>\n<link rel=\"canonical\" href=\"https:\/\/bruehl-safety.com\/fr\/actualites\/secteurs-dactivite\/construction-de-machines-speciales\/\" \/>\n<meta property=\"og:locale\" content=\"fr_FR\" \/>\n<meta property=\"og:type\" content=\"article\" \/>\n<meta property=\"og:title\" content=\"Cl\u00f4tures &amp; Portes de protection pour Ing\u00e9nierie sp\u00e9ciale | Br\u00fchl Safety\" \/>\n<meta property=\"og:description\" content=\"Syst\u00e8mes de panneaux de protection et Portes de protection machine pour Ing\u00e9nierie sp\u00e9ciale. Des solutions sur mesure du plus grand fabricant europ\u00e9en.\" \/>\n<meta property=\"og:url\" content=\"https:\/\/bruehl-safety.com\/fr\/actualites\/secteurs-dactivite\/construction-de-machines-speciales\/\" \/>\n<meta property=\"og:site_name\" content=\"Br\u00fchl Safety\" \/>\n<meta property=\"article:publisher\" content=\"https:\/\/www.facebook.com\/BruehlSafety\/\" \/>\n<meta property=\"article:modified_time\" content=\"2025-09-11T12:40:34+00:00\" \/>\n<meta property=\"og:image\" content=\"https:\/\/bruehl-safety.com\/wp-content\/uploads\/Spezialmaschinenbau.jpg\" \/>\n\t<meta property=\"og:image:width\" content=\"1813\" \/>\n\t<meta property=\"og:image:height\" content=\"1462\" \/>\n\t<meta property=\"og:image:type\" content=\"image\/jpeg\" \/>\n<meta name=\"twitter:card\" content=\"summary_large_image\" \/>\n<script type=\"application\/ld+json\" class=\"yoast-schema-graph\">{\"@context\":\"https:\\\/\\\/schema.org\",\"@graph\":[{\"@type\":\"WebPage\",\"@id\":\"https:\\\/\\\/bruehl-safety.com\\\/fr\\\/actualites\\\/secteurs-dactivite\\\/construction-de-machines-speciales\\\/\",\"url\":\"https:\\\/\\\/bruehl-safety.com\\\/fr\\\/actualites\\\/secteurs-dactivite\\\/construction-de-machines-speciales\\\/\",\"name\":\"Cl\u00f4tures & Portes de protection pour Ing\u00e9nierie sp\u00e9ciale | Br\u00fchl Safety\",\"isPartOf\":{\"@id\":\"https:\\\/\\\/bruehl-safety.com\\\/fr\\\/#website\"},\"primaryImageOfPage\":{\"@id\":\"https:\\\/\\\/bruehl-safety.com\\\/fr\\\/actualites\\\/secteurs-dactivite\\\/construction-de-machines-speciales\\\/#primaryimage\"},\"image\":{\"@id\":\"https:\\\/\\\/bruehl-safety.com\\\/fr\\\/actualites\\\/secteurs-dactivite\\\/construction-de-machines-speciales\\\/#primaryimage\"},\"thumbnailUrl\":\"https:\\\/\\\/bruehl-safety.com\\\/wp-content\\\/uploads\\\/Spezialmaschinenbau.jpg\",\"datePublished\":\"2022-11-29T14:49:05+00:00\",\"dateModified\":\"2025-09-11T12:40:34+00:00\",\"description\":\"Syst\u00e8mes de panneaux de protection et Portes de protection machine pour Ing\u00e9nierie sp\u00e9ciale. Des solutions sur mesure du plus grand fabricant europ\u00e9en.\",\"breadcrumb\":{\"@id\":\"https:\\\/\\\/bruehl-safety.com\\\/fr\\\/actualites\\\/secteurs-dactivite\\\/construction-de-machines-speciales\\\/#breadcrumb\"},\"inLanguage\":\"fr-FR\",\"potentialAction\":[{\"@type\":\"ReadAction\",\"target\":[\"https:\\\/\\\/bruehl-safety.com\\\/fr\\\/actualites\\\/secteurs-dactivite\\\/construction-de-machines-speciales\\\/\"]}]},{\"@type\":\"ImageObject\",\"inLanguage\":\"fr-FR\",\"@id\":\"https:\\\/\\\/bruehl-safety.com\\\/fr\\\/actualites\\\/secteurs-dactivite\\\/construction-de-machines-speciales\\\/#primaryimage\",\"url\":\"https:\\\/\\\/bruehl-safety.com\\\/wp-content\\\/uploads\\\/Spezialmaschinenbau.jpg\",\"contentUrl\":\"https:\\\/\\\/bruehl-safety.com\\\/wp-content\\\/uploads\\\/Spezialmaschinenbau.jpg\",\"width\":1813,\"height\":1462},{\"@type\":\"BreadcrumbList\",\"@id\":\"https:\\\/\\\/bruehl-safety.com\\\/fr\\\/actualites\\\/secteurs-dactivite\\\/construction-de-machines-speciales\\\/#breadcrumb\",\"itemListElement\":[{\"@type\":\"ListItem\",\"position\":1,\"name\":\"Startseite\",\"item\":\"https:\\\/\\\/bruehl-safety.com\\\/fr\\\/lancement\\\/\"},{\"@type\":\"ListItem\",\"position\":2,\"name\":\"Actualit\u00e9s\",\"item\":\"https:\\\/\\\/bruehl-safety.com\\\/fr\\\/actualites\\\/\"},{\"@type\":\"ListItem\",\"position\":3,\"name\":\"Secteurs d&#8217;activit\u00e9\",\"item\":\"https:\\\/\\\/bruehl-safety.com\\\/fr\\\/actualites\\\/secteurs-dactivite\\\/\"},{\"@type\":\"ListItem\",\"position\":4,\"name\":\"Ing\u00e9nierie sp\u00e9ciale\"}]},{\"@type\":\"WebSite\",\"@id\":\"https:\\\/\\\/bruehl-safety.com\\\/fr\\\/#website\",\"url\":\"https:\\\/\\\/bruehl-safety.com\\\/fr\\\/\",\"name\":\"Br\u00fchl Safety\",\"description\":\"\",\"publisher\":{\"@id\":\"https:\\\/\\\/bruehl-safety.com\\\/fr\\\/#organization\"},\"potentialAction\":[{\"@type\":\"SearchAction\",\"target\":{\"@type\":\"EntryPoint\",\"urlTemplate\":\"https:\\\/\\\/bruehl-safety.com\\\/fr\\\/?s={search_term_string}\"},\"query-input\":{\"@type\":\"PropertyValueSpecification\",\"valueRequired\":true,\"valueName\":\"search_term_string\"}}],\"inLanguage\":\"fr-FR\"},{\"@type\":\"Organization\",\"@id\":\"https:\\\/\\\/bruehl-safety.com\\\/fr\\\/#organization\",\"name\":\"Br\u00fchl Safety\",\"url\":\"https:\\\/\\\/bruehl-safety.com\\\/fr\\\/\",\"logo\":{\"@type\":\"ImageObject\",\"inLanguage\":\"fr-FR\",\"@id\":\"https:\\\/\\\/bruehl-safety.com\\\/fr\\\/#\\\/schema\\\/logo\\\/image\\\/\",\"url\":\"https:\\\/\\\/bruehl-safety.com\\\/wp-content\\\/uploads\\\/downloadarea\\\/3524\\\/bruehl-logo.png\",\"contentUrl\":\"https:\\\/\\\/bruehl-safety.com\\\/wp-content\\\/uploads\\\/downloadarea\\\/3524\\\/bruehl-logo.png\",\"width\":564,\"height\":285,\"caption\":\"Br\u00fchl Safety\"},\"image\":{\"@id\":\"https:\\\/\\\/bruehl-safety.com\\\/fr\\\/#\\\/schema\\\/logo\\\/image\\\/\"},\"sameAs\":[\"https:\\\/\\\/www.facebook.com\\\/BruehlSafety\\\/\",\"https:\\\/\\\/instagram.com\\\/bruehl_safety_group\",\"https:\\\/\\\/www.linkedin.com\\\/company\\\/brhl-safety\\\/?originalSubdomain=de\",\"https:\\\/\\\/www.youtube.com\\\/channel\\\/UCcafAzsfrQoE0napv3FjsCQ?app=desktop\"]}]}<\/script>\n<!-- \/ Yoast SEO plugin. -->","yoast_head_json":{"title":"Cl\u00f4tures & Portes de protection pour Ing\u00e9nierie sp\u00e9ciale | Br\u00fchl Safety","description":"Syst\u00e8mes de panneaux de protection et Portes de protection machine pour Ing\u00e9nierie sp\u00e9ciale. Des solutions sur mesure du plus grand fabricant europ\u00e9en.","robots":{"index":"index","follow":"follow","max-snippet":"max-snippet:-1","max-image-preview":"max-image-preview:large","max-video-preview":"max-video-preview:-1"},"canonical":"https:\/\/bruehl-safety.com\/fr\/actualites\/secteurs-dactivite\/construction-de-machines-speciales\/","og_locale":"fr_FR","og_type":"article","og_title":"Cl\u00f4tures & Portes de protection pour Ing\u00e9nierie sp\u00e9ciale | Br\u00fchl Safety","og_description":"Syst\u00e8mes de panneaux de protection et Portes de protection machine pour Ing\u00e9nierie sp\u00e9ciale. Des solutions sur mesure du plus grand fabricant europ\u00e9en.","og_url":"https:\/\/bruehl-safety.com\/fr\/actualites\/secteurs-dactivite\/construction-de-machines-speciales\/","og_site_name":"Br\u00fchl Safety","article_publisher":"https:\/\/www.facebook.com\/BruehlSafety\/","article_modified_time":"2025-09-11T12:40:34+00:00","og_image":[{"width":1813,"height":1462,"url":"https:\/\/bruehl-safety.com\/wp-content\/uploads\/Spezialmaschinenbau.jpg","type":"image\/jpeg"}],"twitter_card":"summary_large_image","schema":{"@context":"https:\/\/schema.org","@graph":[{"@type":"WebPage","@id":"https:\/\/bruehl-safety.com\/fr\/actualites\/secteurs-dactivite\/construction-de-machines-speciales\/","url":"https:\/\/bruehl-safety.com\/fr\/actualites\/secteurs-dactivite\/construction-de-machines-speciales\/","name":"Cl\u00f4tures & Portes de protection pour Ing\u00e9nierie sp\u00e9ciale | Br\u00fchl Safety","isPartOf":{"@id":"https:\/\/bruehl-safety.com\/fr\/#website"},"primaryImageOfPage":{"@id":"https:\/\/bruehl-safety.com\/fr\/actualites\/secteurs-dactivite\/construction-de-machines-speciales\/#primaryimage"},"image":{"@id":"https:\/\/bruehl-safety.com\/fr\/actualites\/secteurs-dactivite\/construction-de-machines-speciales\/#primaryimage"},"thumbnailUrl":"https:\/\/bruehl-safety.com\/wp-content\/uploads\/Spezialmaschinenbau.jpg","datePublished":"2022-11-29T14:49:05+00:00","dateModified":"2025-09-11T12:40:34+00:00","description":"Syst\u00e8mes de panneaux de protection et Portes de protection machine pour Ing\u00e9nierie sp\u00e9ciale. Des solutions sur mesure du plus grand fabricant europ\u00e9en.","breadcrumb":{"@id":"https:\/\/bruehl-safety.com\/fr\/actualites\/secteurs-dactivite\/construction-de-machines-speciales\/#breadcrumb"},"inLanguage":"fr-FR","potentialAction":[{"@type":"ReadAction","target":["https:\/\/bruehl-safety.com\/fr\/actualites\/secteurs-dactivite\/construction-de-machines-speciales\/"]}]},{"@type":"ImageObject","inLanguage":"fr-FR","@id":"https:\/\/bruehl-safety.com\/fr\/actualites\/secteurs-dactivite\/construction-de-machines-speciales\/#primaryimage","url":"https:\/\/bruehl-safety.com\/wp-content\/uploads\/Spezialmaschinenbau.jpg","contentUrl":"https:\/\/bruehl-safety.com\/wp-content\/uploads\/Spezialmaschinenbau.jpg","width":1813,"height":1462},{"@type":"BreadcrumbList","@id":"https:\/\/bruehl-safety.com\/fr\/actualites\/secteurs-dactivite\/construction-de-machines-speciales\/#breadcrumb","itemListElement":[{"@type":"ListItem","position":1,"name":"Startseite","item":"https:\/\/bruehl-safety.com\/fr\/lancement\/"},{"@type":"ListItem","position":2,"name":"Actualit\u00e9s","item":"https:\/\/bruehl-safety.com\/fr\/actualites\/"},{"@type":"ListItem","position":3,"name":"Secteurs d&#8217;activit\u00e9","item":"https:\/\/bruehl-safety.com\/fr\/actualites\/secteurs-dactivite\/"},{"@type":"ListItem","position":4,"name":"Ing\u00e9nierie sp\u00e9ciale"}]},{"@type":"WebSite","@id":"https:\/\/bruehl-safety.com\/fr\/#website","url":"https:\/\/bruehl-safety.com\/fr\/","name":"Br\u00fchl Safety","description":"","publisher":{"@id":"https:\/\/bruehl-safety.com\/fr\/#organization"},"potentialAction":[{"@type":"SearchAction","target":{"@type":"EntryPoint","urlTemplate":"https:\/\/bruehl-safety.com\/fr\/?s={search_term_string}"},"query-input":{"@type":"PropertyValueSpecification","valueRequired":true,"valueName":"search_term_string"}}],"inLanguage":"fr-FR"},{"@type":"Organization","@id":"https:\/\/bruehl-safety.com\/fr\/#organization","name":"Br\u00fchl Safety","url":"https:\/\/bruehl-safety.com\/fr\/","logo":{"@type":"ImageObject","inLanguage":"fr-FR","@id":"https:\/\/bruehl-safety.com\/fr\/#\/schema\/logo\/image\/","url":"https:\/\/bruehl-safety.com\/wp-content\/uploads\/downloadarea\/3524\/bruehl-logo.png","contentUrl":"https:\/\/bruehl-safety.com\/wp-content\/uploads\/downloadarea\/3524\/bruehl-logo.png","width":564,"height":285,"caption":"Br\u00fchl Safety"},"image":{"@id":"https:\/\/bruehl-safety.com\/fr\/#\/schema\/logo\/image\/"},"sameAs":["https:\/\/www.facebook.com\/BruehlSafety\/","https:\/\/instagram.com\/bruehl_safety_group","https:\/\/www.linkedin.com\/company\/brhl-safety\/?originalSubdomain=de","https:\/\/www.youtube.com\/channel\/UCcafAzsfrQoE0napv3FjsCQ?app=desktop"]}]}},"_links":{"self":[{"href":"https:\/\/bruehl-safety.com\/fr\/wp-json\/wp\/v2\/pages\/24599","targetHints":{"allow":["GET"]}}],"collection":[{"href":"https:\/\/bruehl-safety.com\/fr\/wp-json\/wp\/v2\/pages"}],"about":[{"href":"https:\/\/bruehl-safety.com\/fr\/wp-json\/wp\/v2\/types\/page"}],"author":[{"embeddable":true,"href":"https:\/\/bruehl-safety.com\/fr\/wp-json\/wp\/v2\/users\/444"}],"replies":[{"embeddable":true,"href":"https:\/\/bruehl-safety.com\/fr\/wp-json\/wp\/v2\/comments?post=24599"}],"version-history":[{"count":0,"href":"https:\/\/bruehl-safety.com\/fr\/wp-json\/wp\/v2\/pages\/24599\/revisions"}],"up":[{"embeddable":true,"href":"https:\/\/bruehl-safety.com\/fr\/wp-json\/wp\/v2\/pages\/22485"}],"wp:featuredmedia":[{"embeddable":true,"href":"https:\/\/bruehl-safety.com\/fr\/wp-json\/wp\/v2\/media\/25227"}],"wp:attachment":[{"href":"https:\/\/bruehl-safety.com\/fr\/wp-json\/wp\/v2\/media?parent=24599"}],"curies":[{"name":"wp","href":"https:\/\/api.w.org\/{rel}","templated":true}]}}